{"id":6517,"date":"2026-03-26T12:58:29","date_gmt":"2026-03-26T09:58:29","guid":{"rendered":"https:\/\/effeffe.com.tr\/?page_id=6517"},"modified":"2026-03-26T13:09:06","modified_gmt":"2026-03-26T10:09:06","slug":"about-us","status":"publish","type":"page","link":"https:\/\/effeffe.com.tr\/en\/hakkimizda\/","title":{"rendered":"About Us"},"content":{"rendered":"<div class=\"fusion-fullwidth fullwidth-box fusion-builder-row-1 fusion-flex-container has-mask-background nonhundred-percent-fullwidth non-hundred-percent-height-scrolling\" style=\"--awb-border-radius-top-left:0px;--awb-border-radius-top-right:0px;--awb-border-radius-bottom-right:0px;--awb-border-radius-bottom-left:0px;--awb-padding-top:112px;--awb-padding-bottom:112px;--awb-background-color:var(--awb-color2);--awb-flex-wrap:wrap;\" ><div class=\"awb-background-mask\" style=\"background-image:  url(data:image\/svg+xml;utf8,%3Csvg%20width%3D%221920%22%20height%3D%22954%22%20fill%3D%22none%22%20xmlns%3D%22http%3A%2F%2Fwww.w3.org%2F2000%2Fsvg%22%3E%3Cpath%20fill-rule%3D%22evenodd%22%20clip-rule%3D%22evenodd%22%20d%3D%22M1920%200H0v954h1920V0zm-219%2030c17.67%200%2032%2014.327%2032%2032v87c0%2017.673%2014.33%2032%2032%2032h92c17.67%200%2032%2014.327%2032%2032v556c0%2017.673-14.33%2032-32%2032h-294c-17.67%200-32%2014.327-32%2032v59c0%2017.673-14.33%2032-32%2032H63c-17.673%200-32-14.327-32-32V316c0-17.673%2014.327-32%2032-32h108c17.673%200%2032-14.327%2032-32V62c0-17.673%2014.327-32%2032-32h1466z%22%20fill%3D%22rgba%28255%2C255%2C255%2C1%29%22%2F%3E%3C%2Fsvg%3E);\"><\/div><div class=\"fusion-builder-row fusion-row fusion-flex-align-items-flex-start fusion-flex-content-wrap\" style=\"max-width:1356.8px;margin-left: calc(-6% \/ 2 );margin-right: calc(-6% \/ 2 );\"><div class=\"fusion-layout-column fusion_builder_column fusion-builder-column-0 fusion_builder_column_2_3 2_3 fusion-flex-column\" style=\"--awb-bg-size:cover;--awb-width-large:66.666666666667%;--awb-margin-top-large:16px;--awb-spacing-right-large:4.23%;--awb-margin-bottom-large:64px;--awb-spacing-left-large:4.23%;--awb-width-medium:66.666666666667%;--awb-order-medium:0;--awb-spacing-right-medium:4.23%;--awb-spacing-left-medium:4.23%;--awb-width-small:100%;--awb-order-small:0;--awb-spacing-right-small:2.82%;--awb-margin-bottom-small:48px;--awb-spacing-left-small:2.82%;\"><div class=\"fusion-column-wrapper fusion-column-has-shadow fusion-flex-justify-content-flex-start fusion-content-layout-column\"><div class=\"fusion-title title fusion-title-1 fusion-sep-none fusion-title-text fusion-title-size-two\" style=\"--awb-margin-top-small:10px;--awb-margin-right-small:0px;--awb-margin-bottom-small:10px;--awb-margin-left-small:0px;\"><h2 class=\"fusion-title-heading title-heading-left fusion-responsive-typography-calculated\" style=\"margin:0;--fontSize:60;line-height:1.12;\">About Effeffe Pet<\/h2><\/div><\/div><\/div><div class=\"fusion-layout-column fusion_builder_column fusion-builder-column-1 fusion_builder_column_1_3 1_3 fusion-flex-column fusion-no-small-visibility\" style=\"--awb-bg-size:cover;--awb-width-large:33.333333333333%;--awb-margin-top-large:16px;--awb-spacing-right-large:8.46%;--awb-margin-bottom-large:16px;--awb-spacing-left-large:8.46%;--awb-width-medium:33.333333333333%;--awb-order-medium:0;--awb-spacing-right-medium:8.46%;--awb-spacing-left-medium:8.46%;--awb-width-small:100%;--awb-order-small:0;--awb-margin-top-small:0px;--awb-spacing-right-small:2.82%;--awb-spacing-left-small:2.82%;\"><div class=\"fusion-column-wrapper fusion-column-has-shadow fusion-flex-justify-content-flex-start fusion-content-layout-column\"><\/div><\/div><div class=\"fusion-layout-column fusion_builder_column fusion-builder-column-2 fusion_builder_column_2_5 2_5 fusion-flex-column\" style=\"--awb-bg-size:cover;--awb-width-large:40%;--awb-margin-top-large:16px;--awb-spacing-right-large:7.05%;--awb-margin-bottom-large:16px;--awb-spacing-left-large:7.05%;--awb-width-medium:40%;--awb-order-medium:0;--awb-spacing-right-medium:7.05%;--awb-spacing-left-medium:7.05%;--awb-width-small:100%;--awb-order-small:0;--awb-spacing-right-small:2.82%;--awb-spacing-left-small:2.82%;\"><div class=\"fusion-column-wrapper fusion-column-has-shadow fusion-flex-justify-content-flex-start fusion-content-layout-column\"><div class=\"fusion-image-element\" style=\"--awb-caption-title-font-family:var(--h2_typography-font-family);--awb-caption-title-font-weight:var(--h2_typography-font-weight);--awb-caption-title-font-style:var(--h2_typography-font-style);--awb-caption-title-size:var(--h2_typography-font-size);--awb-caption-title-transform:var(--h2_typography-text-transform);--awb-caption-title-line-height:var(--h2_typography-line-height);--awb-caption-title-letter-spacing:var(--h2_typography-letter-spacing);\"><span class=\"fusion-imageframe imageframe-none imageframe-1 hover-type-none\"><img decoding=\"async\" width=\"1000\" height=\"1000\" title=\"208876\" src=\"https:\/\/effeffe.com.tr\/wp-content\/uploads\/2026\/01\/208876.jpg\" data-orig-src=\"https:\/\/effeffe.com.tr\/wp-content\/uploads\/2026\/01\/208876.jpg\" alt class=\"lazyload img-responsive wp-image-5900\" srcset=\"data:image\/svg+xml,%3Csvg%20xmlns%3D%27http%3A%2F%2Fwww.w3.org%2F2000%2Fsvg%27%20width%3D%271000%27%20height%3D%271000%27%20viewBox%3D%270%200%201000%201000%27%3E%3Crect%20width%3D%271000%27%20height%3D%271000%27%20fill-opacity%3D%220%22%2F%3E%3C%2Fsvg%3E\" data-srcset=\"https:\/\/effeffe.com.tr\/wp-content\/uploads\/2026\/01\/208876-200x200.jpg 200w, https:\/\/effeffe.com.tr\/wp-content\/uploads\/2026\/01\/208876-400x400.jpg 400w, https:\/\/effeffe.com.tr\/wp-content\/uploads\/2026\/01\/208876-600x600.jpg 600w, https:\/\/effeffe.com.tr\/wp-content\/uploads\/2026\/01\/208876-800x800.jpg 800w, https:\/\/effeffe.com.tr\/wp-content\/uploads\/2026\/01\/208876.jpg 1000w\" data-sizes=\"auto\" data-orig-sizes=\"(max-width: 640px) 100vw, 600px\" \/><\/span><\/div><div class=\"fusion-image-element\" style=\"--awb-margin-top:20px;--awb-caption-title-font-family:var(--h2_typography-font-family);--awb-caption-title-font-weight:var(--h2_typography-font-weight);--awb-caption-title-font-style:var(--h2_typography-font-style);--awb-caption-title-size:var(--h2_typography-font-size);--awb-caption-title-transform:var(--h2_typography-text-transform);--awb-caption-title-line-height:var(--h2_typography-line-height);--awb-caption-title-letter-spacing:var(--h2_typography-letter-spacing);\"><span class=\"fusion-imageframe imageframe-none imageframe-2 hover-type-none\"><img decoding=\"async\" width=\"1000\" height=\"1000\" title=\"Effeffe_packaging\" src=\"https:\/\/effeffe.com.tr\/wp-content\/uploads\/2026\/01\/Effeffe_paketleme.jpg\" data-orig-src=\"https:\/\/effeffe.com.tr\/wp-content\/uploads\/2026\/01\/Effeffe_paketleme.jpg\" alt class=\"lazyload img-responsive wp-image-5879\" srcset=\"data:image\/svg+xml,%3Csvg%20xmlns%3D%27http%3A%2F%2Fwww.w3.org%2F2000%2Fsvg%27%20width%3D%271000%27%20height%3D%271000%27%20viewBox%3D%270%200%201000%201000%27%3E%3Crect%20width%3D%271000%27%20height%3D%271000%27%20fill-opacity%3D%220%22%2F%3E%3C%2Fsvg%3E\" data-srcset=\"https:\/\/effeffe.com.tr\/wp-content\/uploads\/2026\/01\/Effeffe_paketleme-200x200.jpg 200w, https:\/\/effeffe.com.tr\/wp-content\/uploads\/2026\/01\/Effeffe_paketleme-400x400.jpg 400w, https:\/\/effeffe.com.tr\/wp-content\/uploads\/2026\/01\/Effeffe_paketleme-600x600.jpg 600w, https:\/\/effeffe.com.tr\/wp-content\/uploads\/2026\/01\/Effeffe_paketleme-800x800.jpg 800w, https:\/\/effeffe.com.tr\/wp-content\/uploads\/2026\/01\/Effeffe_paketleme.jpg 1000w\" data-sizes=\"auto\" data-orig-sizes=\"(max-width: 640px) 100vw, 600px\" \/><\/span><\/div><\/div><\/div><div class=\"fusion-layout-column fusion_builder_column fusion-builder-column-3 fusion_builder_column_3_5 3_5 fusion-flex-column\" style=\"--awb-bg-size:cover;--awb-width-large:60%;--awb-margin-top-large:16px;--awb-spacing-right-large:4.7%;--awb-margin-bottom-large:16px;--awb-spacing-left-large:4.7%;--awb-width-medium:60%;--awb-order-medium:0;--awb-spacing-right-medium:4.7%;--awb-spacing-left-medium:4.7%;--awb-width-small:100%;--awb-order-small:0;--awb-spacing-right-small:2.82%;--awb-spacing-left-small:2.82%;\"><div class=\"fusion-column-wrapper fusion-column-has-shadow fusion-flex-justify-content-flex-start fusion-content-layout-column\"><div class=\"fusion-text fusion-text-1\"><p style=\"text-align: left;\">Founded in 2016, Effeffe Pet was established through a strategic partnership between Anadolu Pet Group and Effeffe Italy, with the mission of bringing global standards in pet nutrition to T\u00fcrkiye. This powerful synergy unites Effeffe Italy\u2019s 35 years of global production discipline and technical expertise with Anadolu Pet\u2019s 30+ years of deep-rooted market experience and extensive distribution network under one roof.<\/p>\n<p style=\"text-align: left;\">Operating from a modern 8,000 m\u00b2 production facility in Manisa, equipped with the latest technologies and managed by industry-leading professionals, our organization serves as a center for scientific solutions. We enhance the quality of life for our dear companions by merging domestic manufacturing power with international excellence.<\/p>\n<p style=\"text-align: left;\">Our production center supports its manufacturing expertise with a diverse portfolio, housing prominent brands across Super Premium, Premium, and Economy segments, including LaVital, Pronature, Econature Plus, Econature, Paw in Love, Croque, and Dost Pati. Formulated in our high-tech R&amp;D laboratories, these recipes provide high-quality, reliable solutions tailored to the specific needs of pets.<\/p>\n<p style=\"text-align: left;\">By reflecting our field experience and market dynamics onto our production strength, we deliver these high-quality nutritional solutions to business partners and pet lovers seamlessly through T\u00fcrkiye\u2019s most extensive marketing networks.<\/p>\n<p style=\"text-align: left;\">Today, Effeffe Pet is available at more than 3,000 sales points domestically, while carrying the quality of Turkish manufacturing to the global stage through exports to 32 countries.<\/p>\n<\/div><\/div><\/div><\/div><\/div>","protected":false},"excerpt":{"rendered":"","protected":false},"author":2,"featured_media":5920,"parent":0,"menu_order":0,"comment_status":"closed","ping_status":"closed","template":"100-width.php","meta":{"_acf_changed":false,"footnotes":""},"class_list":["post-6517","page","type-page","status-publish","has-post-thumbnail","hentry"],"acf":[],"yoast_head":"<!-- This site is optimized with the Yoast SEO plugin v27.4 - https:\/\/yoast.com\/product\/yoast-seo-wordpress\/ -->\n<title>Hakk\u0131m\u0131zda - Effeffe<\/title>\n<meta name=\"robots\" content=\"index, follow, max-snippet:-1, max-image-preview:large, max-video-preview:-1\" \/>\n<link rel=\"canonical\" href=\"https:\/\/effeffe.com.tr\/en\/about-us\/\" \/>\n<meta property=\"og:locale\" content=\"en_US\" \/>\n<meta property=\"og:type\" content=\"article\" \/>\n<meta property=\"og:title\" content=\"Hakk\u0131m\u0131zda - Effeffe\" \/>\n<meta property=\"og:url\" content=\"https:\/\/effeffe.com.tr\/en\/about-us\/\" \/>\n<meta property=\"og:site_name\" content=\"Effeffe\" \/>\n<meta property=\"article:modified_time\" content=\"2026-03-26T10:09:06+00:00\" \/>\n<meta property=\"og:image\" content=\"https:\/\/effeffe.com.tr\/wp-content\/uploads\/2026\/01\/Effeffe-factory-1.jpg\" \/>\n\t<meta property=\"og:image:width\" content=\"1000\" \/>\n\t<meta property=\"og:image:height\" content=\"1000\" \/>\n\t<meta property=\"og:image:type\" content=\"image\/jpeg\" \/>\n<meta name=\"twitter:card\" content=\"summary_large_image\" \/>\n<meta name=\"twitter:label1\" content=\"Est. reading time\" \/>\n\t<meta name=\"twitter:data1\" content=\"2 minutes\" \/>\n<script type=\"application\/ld+json\" class=\"yoast-schema-graph\">{\"@context\":\"https:\\\/\\\/schema.org\",\"@graph\":[{\"@type\":\"WebPage\",\"@id\":\"https:\\\/\\\/effeffe.com.tr\\\/hakkimizda\\\/\",\"url\":\"https:\\\/\\\/effeffe.com.tr\\\/hakkimizda\\\/\",\"name\":\"Hakk\u0131m\u0131zda - Effeffe\",\"isPartOf\":{\"@id\":\"https:\\\/\\\/effeffe.com.tr\\\/#website\"},\"primaryImageOfPage\":{\"@id\":\"https:\\\/\\\/effeffe.com.tr\\\/hakkimizda\\\/#primaryimage\"},\"image\":{\"@id\":\"https:\\\/\\\/effeffe.com.tr\\\/hakkimizda\\\/#primaryimage\"},\"thumbnailUrl\":\"https:\\\/\\\/effeffe.com.tr\\\/wp-content\\\/uploads\\\/2026\\\/01\\\/Effeffe-factory-1.jpg\",\"datePublished\":\"2026-03-26T09:58:29+00:00\",\"dateModified\":\"2026-03-26T10:09:06+00:00\",\"breadcrumb\":{\"@id\":\"https:\\\/\\\/effeffe.com.tr\\\/hakkimizda\\\/#breadcrumb\"},\"inLanguage\":\"en-US\",\"potentialAction\":[{\"@type\":\"ReadAction\",\"target\":[\"https:\\\/\\\/effeffe.com.tr\\\/hakkimizda\\\/\"]}]},{\"@type\":\"ImageObject\",\"inLanguage\":\"en-US\",\"@id\":\"https:\\\/\\\/effeffe.com.tr\\\/hakkimizda\\\/#primaryimage\",\"url\":\"https:\\\/\\\/effeffe.com.tr\\\/wp-content\\\/uploads\\\/2026\\\/01\\\/Effeffe-factory-1.jpg\",\"contentUrl\":\"https:\\\/\\\/effeffe.com.tr\\\/wp-content\\\/uploads\\\/2026\\\/01\\\/Effeffe-factory-1.jpg\",\"width\":1000,\"height\":1000},{\"@type\":\"BreadcrumbList\",\"@id\":\"https:\\\/\\\/effeffe.com.tr\\\/hakkimizda\\\/#breadcrumb\",\"itemListElement\":[{\"@type\":\"ListItem\",\"position\":1,\"name\":\"Anasayfa\",\"item\":\"https:\\\/\\\/effeffe.com.tr\\\/\"},{\"@type\":\"ListItem\",\"position\":2,\"name\":\"Hakk\u0131m\u0131zda\"}]},{\"@type\":\"WebSite\",\"@id\":\"https:\\\/\\\/effeffe.com.tr\\\/#website\",\"url\":\"https:\\\/\\\/effeffe.com.tr\\\/\",\"name\":\"Effeffe Pet\",\"description\":\"Sizin markan\u0131z, bizim ba\u011fl\u0131l\u0131\u011f\u0131m\u0131z.\",\"publisher\":{\"@id\":\"https:\\\/\\\/effeffe.com.tr\\\/#organization\"},\"alternateName\":\"Effeffe\",\"potentialAction\":[{\"@type\":\"SearchAction\",\"target\":{\"@type\":\"EntryPoint\",\"urlTemplate\":\"https:\\\/\\\/effeffe.com.tr\\\/?s={search_term_string}\"},\"query-input\":{\"@type\":\"PropertyValueSpecification\",\"valueRequired\":true,\"valueName\":\"search_term_string\"}}],\"inLanguage\":\"en-US\"},{\"@type\":\"Organization\",\"@id\":\"https:\\\/\\\/effeffe.com.tr\\\/#organization\",\"name\":\"Effeffe\",\"url\":\"https:\\\/\\\/effeffe.com.tr\\\/\",\"logo\":{\"@type\":\"ImageObject\",\"inLanguage\":\"en-US\",\"@id\":\"https:\\\/\\\/effeffe.com.tr\\\/#\\\/schema\\\/logo\\\/image\\\/\",\"url\":\"https:\\\/\\\/effeffe.com.tr\\\/wp-content\\\/uploads\\\/2026\\\/01\\\/effeffe-logo.webp\",\"contentUrl\":\"https:\\\/\\\/effeffe.com.tr\\\/wp-content\\\/uploads\\\/2026\\\/01\\\/effeffe-logo.webp\",\"width\":225,\"height\":99,\"caption\":\"Effeffe\"},\"image\":{\"@id\":\"https:\\\/\\\/effeffe.com.tr\\\/#\\\/schema\\\/logo\\\/image\\\/\"},\"sameAs\":[\"https:\\\/\\\/www.instagram.com\\\/effeffepet\"]}]}<\/script>\n<!-- \/ Yoast SEO plugin. -->","yoast_head_json":{"title":"About Us - Effeffeffe","robots":{"index":"index","follow":"follow","max-snippet":"max-snippet:-1","max-image-preview":"max-image-preview:large","max-video-preview":"max-video-preview:-1"},"canonical":"https:\/\/effeffe.com.tr\/en\/about-us\/","og_locale":"en_US","og_type":"article","og_title":"Hakk\u0131m\u0131zda - Effeffe","og_url":"https:\/\/effeffe.com.tr\/en\/about-us\/","og_site_name":"Effeffe","article_modified_time":"2026-03-26T10:09:06+00:00","og_image":[{"width":1000,"height":1000,"url":"https:\/\/effeffe.com.tr\/wp-content\/uploads\/2026\/01\/Effeffe-factory-1.jpg","type":"image\/jpeg"}],"twitter_card":"summary_large_image","twitter_misc":{"Est. reading time":"2 minutes"},"schema":{"@context":"https:\/\/schema.org","@graph":[{"@type":"WebPage","@id":"https:\/\/effeffe.com.tr\/hakkimizda\/","url":"https:\/\/effeffe.com.tr\/hakkimizda\/","name":"About Us - Effeffeffe","isPartOf":{"@id":"https:\/\/effeffe.com.tr\/#website"},"primaryImageOfPage":{"@id":"https:\/\/effeffe.com.tr\/hakkimizda\/#primaryimage"},"image":{"@id":"https:\/\/effeffe.com.tr\/hakkimizda\/#primaryimage"},"thumbnailUrl":"https:\/\/effeffe.com.tr\/wp-content\/uploads\/2026\/01\/Effeffe-factory-1.jpg","datePublished":"2026-03-26T09:58:29+00:00","dateModified":"2026-03-26T10:09:06+00:00","breadcrumb":{"@id":"https:\/\/effeffe.com.tr\/hakkimizda\/#breadcrumb"},"inLanguage":"en-US","potentialAction":[{"@type":"ReadAction","target":["https:\/\/effeffe.com.tr\/hakkimizda\/"]}]},{"@type":"ImageObject","inLanguage":"en-US","@id":"https:\/\/effeffe.com.tr\/hakkimizda\/#primaryimage","url":"https:\/\/effeffe.com.tr\/wp-content\/uploads\/2026\/01\/Effeffe-factory-1.jpg","contentUrl":"https:\/\/effeffe.com.tr\/wp-content\/uploads\/2026\/01\/Effeffe-factory-1.jpg","width":1000,"height":1000},{"@type":"BreadcrumbList","@id":"https:\/\/effeffe.com.tr\/hakkimizda\/#breadcrumb","itemListElement":[{"@type":"ListItem","position":1,"name":"Anasayfa","item":"https:\/\/effeffe.com.tr\/"},{"@type":"ListItem","position":2,"name":"Hakk\u0131m\u0131zda"}]},{"@type":"WebSite","@id":"https:\/\/effeffe.com.tr\/#website","url":"https:\/\/effeffe.com.tr\/","name":"Effeffe Pet","description":"Your brand, our commitment.","publisher":{"@id":"https:\/\/effeffe.com.tr\/#organization"},"alternateName":"Effeffe","potentialAction":[{"@type":"SearchAction","target":{"@type":"EntryPoint","urlTemplate":"https:\/\/effeffe.com.tr\/?s={search_term_string}"},"query-input":{"@type":"PropertyValueSpecification","valueRequired":true,"valueName":"search_term_string"}}],"inLanguage":"en-US"},{"@type":"Organization","@id":"https:\/\/effeffe.com.tr\/#organization","name":"Effeffe","url":"https:\/\/effeffe.com.tr\/","logo":{"@type":"ImageObject","inLanguage":"en-US","@id":"https:\/\/effeffe.com.tr\/#\/schema\/logo\/image\/","url":"https:\/\/effeffe.com.tr\/wp-content\/uploads\/2026\/01\/effeffe-logo.webp","contentUrl":"https:\/\/effeffe.com.tr\/wp-content\/uploads\/2026\/01\/effeffe-logo.webp","width":225,"height":99,"caption":"Effeffe"},"image":{"@id":"https:\/\/effeffe.com.tr\/#\/schema\/logo\/image\/"},"sameAs":["https:\/\/www.instagram.com\/effeffepet"]}]}},"_links":{"self":[{"href":"https:\/\/effeffe.com.tr\/en\/wp-json\/wp\/v2\/pages\/6517","targetHints":{"allow":["GET"]}}],"collection":[{"href":"https:\/\/effeffe.com.tr\/en\/wp-json\/wp\/v2\/pages"}],"about":[{"href":"https:\/\/effeffe.com.tr\/en\/wp-json\/wp\/v2\/types\/page"}],"author":[{"embeddable":true,"href":"https:\/\/effeffe.com.tr\/en\/wp-json\/wp\/v2\/users\/2"}],"replies":[{"embeddable":true,"href":"https:\/\/effeffe.com.tr\/en\/wp-json\/wp\/v2\/comments?post=6517"}],"version-history":[{"count":10,"href":"https:\/\/effeffe.com.tr\/en\/wp-json\/wp\/v2\/pages\/6517\/revisions"}],"predecessor-version":[{"id":6529,"href":"https:\/\/effeffe.com.tr\/en\/wp-json\/wp\/v2\/pages\/6517\/revisions\/6529"}],"wp:featuredmedia":[{"embeddable":true,"href":"https:\/\/effeffe.com.tr\/en\/wp-json\/wp\/v2\/media\/5920"}],"wp:attachment":[{"href":"https:\/\/effeffe.com.tr\/en\/wp-json\/wp\/v2\/media?parent=6517"}],"curies":[{"name":"wp","href":"https:\/\/api.w.org\/{rel}","templated":true}]}}