{"id":6106,"date":"2026-01-21T12:01:18","date_gmt":"2026-01-21T09:01:18","guid":{"rendered":"https:\/\/test.lavitalpetfood.com\/?page_id=6106"},"modified":"2026-03-03T10:09:39","modified_gmt":"2026-03-03T07:09:39","slug":"lavital","status":"publish","type":"page","link":"https:\/\/effeffe.com.tr\/en\/lavital\/","title":{"rendered":"LaVital"},"content":{"rendered":"<div class=\"fusion-fullwidth fullwidth-box fusion-builder-row-1 fusion-flex-container has-pattern-background has-mask-background nonhundred-percent-fullwidth non-hundred-percent-height-scrolling\" style=\"--awb-border-radius-top-left:0px;--awb-border-radius-top-right:0px;--awb-border-radius-bottom-right:0px;--awb-border-radius-bottom-left:0px;--awb-flex-wrap:wrap;\" ><div class=\"fusion-builder-row fusion-row fusion-flex-align-items-flex-start fusion-flex-content-wrap\" style=\"max-width:1331.2px;margin-left: calc(-4% \/ 2 );margin-right: calc(-4% \/ 2 );\"><div class=\"fusion-layout-column fusion_builder_column fusion-builder-column-0 fusion_builder_column_1_2 1_2 fusion-flex-column fusion-no-small-visibility fusion-no-medium-visibility\" style=\"--awb-bg-size:cover;--awb-width-large:50%;--awb-margin-top-large:16px;--awb-spacing-right-large:3.84%;--awb-margin-bottom-large:16px;--awb-spacing-left-large:3.84%;--awb-width-medium:50%;--awb-order-medium:0;--awb-spacing-right-medium:3.84%;--awb-spacing-left-medium:3.84%;--awb-width-small:100%;--awb-order-small:0;--awb-spacing-right-small:1.92%;--awb-spacing-left-small:1.92%;\" data-scroll-devices=\"small-visibility,medium-visibility,large-visibility\"><div class=\"fusion-column-wrapper fusion-column-has-shadow fusion-flex-justify-content-flex-start fusion-content-layout-column\"><div class=\"fusion-image-element\" style=\"--awb-caption-title-font-family:var(--h2_typography-font-family);--awb-caption-title-font-weight:var(--h2_typography-font-weight);--awb-caption-title-font-style:var(--h2_typography-font-style);--awb-caption-title-size:var(--h2_typography-font-size);--awb-caption-title-transform:var(--h2_typography-text-transform);--awb-caption-title-line-height:var(--h2_typography-line-height);--awb-caption-title-letter-spacing:var(--h2_typography-letter-spacing);\"><span class=\"fusion-imageframe imageframe-none imageframe-1 hover-type-none\"><img decoding=\"async\" width=\"1000\" height=\"1000\" title=\"markalogo1\" src=\"https:\/\/effeffe.com.tr\/wp-content\/uploads\/2026\/01\/markalogo1.jpg\" data-orig-src=\"https:\/\/effeffe.com.tr\/wp-content\/uploads\/2026\/01\/markalogo1.jpg\" alt class=\"lazyload img-responsive wp-image-6175\" srcset=\"data:image\/svg+xml,%3Csvg%20xmlns%3D%27http%3A%2F%2Fwww.w3.org%2F2000%2Fsvg%27%20width%3D%271000%27%20height%3D%271000%27%20viewBox%3D%270%200%201000%201000%27%3E%3Crect%20width%3D%271000%27%20height%3D%271000%27%20fill-opacity%3D%220%22%2F%3E%3C%2Fsvg%3E\" data-srcset=\"https:\/\/effeffe.com.tr\/wp-content\/uploads\/2026\/01\/markalogo1-200x200.jpg 200w, https:\/\/effeffe.com.tr\/wp-content\/uploads\/2026\/01\/markalogo1-400x400.jpg 400w, https:\/\/effeffe.com.tr\/wp-content\/uploads\/2026\/01\/markalogo1-600x600.jpg 600w, https:\/\/effeffe.com.tr\/wp-content\/uploads\/2026\/01\/markalogo1-800x800.jpg 800w, https:\/\/effeffe.com.tr\/wp-content\/uploads\/2026\/01\/markalogo1.jpg 1000w\" data-sizes=\"auto\" data-orig-sizes=\"(max-width: 640px) 100vw, 800px\" \/><\/span><\/div><\/div><\/div><div class=\"fusion-layout-column fusion_builder_column fusion-builder-column-1 fusion_builder_column_1_2 1_2 fusion-flex-column\" style=\"--awb-bg-size:cover;--awb-width-large:50%;--awb-margin-top-large:16px;--awb-spacing-right-large:3.84%;--awb-margin-bottom-large:16px;--awb-spacing-left-large:3.84%;--awb-width-medium:50%;--awb-order-medium:0;--awb-spacing-right-medium:3.84%;--awb-spacing-left-medium:3.84%;--awb-width-small:100%;--awb-order-small:0;--awb-spacing-right-small:1.92%;--awb-spacing-left-small:1.92%;\"><div class=\"fusion-column-wrapper fusion-column-has-shadow fusion-flex-justify-content-flex-start fusion-content-layout-column\"><div class=\"fusion-title title fusion-title-1 fusion-sep-none fusion-title-text fusion-title-size-three\" style=\"--awb-margin-bottom:20px;--awb-margin-top-small:10px;--awb-margin-right-small:0px;--awb-margin-bottom-small:30px;--awb-margin-left-small:0px;\"><h3 class=\"fusion-title-heading title-heading-left fusion-responsive-typography-calculated\" style=\"margin:0;--fontSize:48;line-height:1.24;\"><h3 class=\"card-title mt-0\">LaVital<\/h3><\/h3><\/div><div class=\"fusion-text fusion-text-1\" style=\"--awb-content-alignment:left;--awb-margin-top:-50px;\"><p><span style=\"font-weight: 400;\">LaVital is a nutritional brand with the concept of \u201cgood food for every dog and cat\u201d. Developed with high quality protein sources, its formulas are designed to meet the specific needs of different breeds and life stages. LaVital products aim for long-term health and balanced nutrition, not just satiation.<\/span><\/p>\n<\/div><div ><a class=\"fusion-button button-flat fusion-button-default-size button-default fusion-button-default button-1 fusion-button-default-span fusion-button-default-type\" style=\"--button_margin-top:50px;\" target=\"_blank\" rel=\"noopener noreferrer\" href=\"https:\/\/anadolupet.com.tr\/urunler\/?filter_marka=lavital\"><span class=\"fusion-button-text awb-button__text awb-button__text--default\">See All Products<\/span><\/a><\/div><\/div><\/div><\/div><\/div>","protected":false},"excerpt":{"rendered":"","protected":false},"author":1,"featured_media":6244,"parent":0,"menu_order":0,"comment_status":"closed","ping_status":"closed","template":"","meta":{"_acf_changed":false,"footnotes":""},"class_list":["post-6106","page","type-page","status-publish","has-post-thumbnail","hentry"],"acf":[],"yoast_head":"<!-- This site is optimized with the Yoast SEO plugin v27.4 - https:\/\/yoast.com\/product\/yoast-seo-wordpress\/ -->\n<title>LaVital - Effeffe<\/title>\n<meta name=\"robots\" content=\"index, follow, max-snippet:-1, max-image-preview:large, max-video-preview:-1\" \/>\n<link rel=\"canonical\" href=\"https:\/\/effeffe.com.tr\/en\/lavital\/\" \/>\n<meta property=\"og:locale\" content=\"en_US\" \/>\n<meta property=\"og:type\" content=\"article\" \/>\n<meta property=\"og:title\" content=\"LaVital - Effeffe\" \/>\n<meta property=\"og:url\" content=\"https:\/\/effeffe.com.tr\/en\/lavital\/\" \/>\n<meta property=\"og:site_name\" content=\"Effeffe\" \/>\n<meta property=\"article:modified_time\" content=\"2026-03-03T07:09:39+00:00\" \/>\n<meta property=\"og:image\" content=\"https:\/\/effeffe.com.tr\/wp-content\/uploads\/2026\/01\/lav.jpg\" \/>\n\t<meta property=\"og:image:width\" content=\"1000\" \/>\n\t<meta property=\"og:image:height\" content=\"1000\" \/>\n\t<meta property=\"og:image:type\" content=\"image\/jpeg\" \/>\n<meta name=\"twitter:card\" content=\"summary_large_image\" \/>\n<meta name=\"twitter:label1\" content=\"Est. reading time\" \/>\n\t<meta name=\"twitter:data1\" content=\"1 minute\" \/>\n<script type=\"application\/ld+json\" class=\"yoast-schema-graph\">{\"@context\":\"https:\\\/\\\/schema.org\",\"@graph\":[{\"@type\":\"WebPage\",\"@id\":\"https:\\\/\\\/effeffe.com.tr\\\/lavital\\\/\",\"url\":\"https:\\\/\\\/effeffe.com.tr\\\/lavital\\\/\",\"name\":\"LaVital - Effeffe\",\"isPartOf\":{\"@id\":\"https:\\\/\\\/effeffe.com.tr\\\/#website\"},\"primaryImageOfPage\":{\"@id\":\"https:\\\/\\\/effeffe.com.tr\\\/lavital\\\/#primaryimage\"},\"image\":{\"@id\":\"https:\\\/\\\/effeffe.com.tr\\\/lavital\\\/#primaryimage\"},\"thumbnailUrl\":\"https:\\\/\\\/effeffe.com.tr\\\/wp-content\\\/uploads\\\/2026\\\/01\\\/lav.jpg\",\"datePublished\":\"2026-01-21T09:01:18+00:00\",\"dateModified\":\"2026-03-03T07:09:39+00:00\",\"breadcrumb\":{\"@id\":\"https:\\\/\\\/effeffe.com.tr\\\/lavital\\\/#breadcrumb\"},\"inLanguage\":\"en-US\",\"potentialAction\":[{\"@type\":\"ReadAction\",\"target\":[\"https:\\\/\\\/effeffe.com.tr\\\/lavital\\\/\"]}]},{\"@type\":\"ImageObject\",\"inLanguage\":\"en-US\",\"@id\":\"https:\\\/\\\/effeffe.com.tr\\\/lavital\\\/#primaryimage\",\"url\":\"https:\\\/\\\/effeffe.com.tr\\\/wp-content\\\/uploads\\\/2026\\\/01\\\/lav.jpg\",\"contentUrl\":\"https:\\\/\\\/effeffe.com.tr\\\/wp-content\\\/uploads\\\/2026\\\/01\\\/lav.jpg\",\"width\":1000,\"height\":1000},{\"@type\":\"BreadcrumbList\",\"@id\":\"https:\\\/\\\/effeffe.com.tr\\\/lavital\\\/#breadcrumb\",\"itemListElement\":[{\"@type\":\"ListItem\",\"position\":1,\"name\":\"Anasayfa\",\"item\":\"https:\\\/\\\/effeffe.com.tr\\\/\"},{\"@type\":\"ListItem\",\"position\":2,\"name\":\"LaVital\"}]},{\"@type\":\"WebSite\",\"@id\":\"https:\\\/\\\/effeffe.com.tr\\\/#website\",\"url\":\"https:\\\/\\\/effeffe.com.tr\\\/\",\"name\":\"Effeffe Pet\",\"description\":\"Sizin markan\u0131z, bizim ba\u011fl\u0131l\u0131\u011f\u0131m\u0131z.\",\"publisher\":{\"@id\":\"https:\\\/\\\/effeffe.com.tr\\\/#organization\"},\"alternateName\":\"Effeffe\",\"potentialAction\":[{\"@type\":\"SearchAction\",\"target\":{\"@type\":\"EntryPoint\",\"urlTemplate\":\"https:\\\/\\\/effeffe.com.tr\\\/?s={search_term_string}\"},\"query-input\":{\"@type\":\"PropertyValueSpecification\",\"valueRequired\":true,\"valueName\":\"search_term_string\"}}],\"inLanguage\":\"en-US\"},{\"@type\":\"Organization\",\"@id\":\"https:\\\/\\\/effeffe.com.tr\\\/#organization\",\"name\":\"Effeffe\",\"url\":\"https:\\\/\\\/effeffe.com.tr\\\/\",\"logo\":{\"@type\":\"ImageObject\",\"inLanguage\":\"en-US\",\"@id\":\"https:\\\/\\\/effeffe.com.tr\\\/#\\\/schema\\\/logo\\\/image\\\/\",\"url\":\"https:\\\/\\\/effeffe.com.tr\\\/wp-content\\\/uploads\\\/2026\\\/01\\\/effeffe-logo.webp\",\"contentUrl\":\"https:\\\/\\\/effeffe.com.tr\\\/wp-content\\\/uploads\\\/2026\\\/01\\\/effeffe-logo.webp\",\"width\":225,\"height\":99,\"caption\":\"Effeffe\"},\"image\":{\"@id\":\"https:\\\/\\\/effeffe.com.tr\\\/#\\\/schema\\\/logo\\\/image\\\/\"},\"sameAs\":[\"https:\\\/\\\/www.instagram.com\\\/effeffepet\"]}]}<\/script>\n<!-- \/ Yoast SEO plugin. -->","yoast_head_json":{"title":"LaVital - Effeffeffe","robots":{"index":"index","follow":"follow","max-snippet":"max-snippet:-1","max-image-preview":"max-image-preview:large","max-video-preview":"max-video-preview:-1"},"canonical":"https:\/\/effeffe.com.tr\/en\/lavital\/","og_locale":"en_US","og_type":"article","og_title":"LaVital - Effeffe","og_url":"https:\/\/effeffe.com.tr\/en\/lavital\/","og_site_name":"Effeffe","article_modified_time":"2026-03-03T07:09:39+00:00","og_image":[{"width":1000,"height":1000,"url":"https:\/\/effeffe.com.tr\/wp-content\/uploads\/2026\/01\/lav.jpg","type":"image\/jpeg"}],"twitter_card":"summary_large_image","twitter_misc":{"Est. reading time":"1 minute"},"schema":{"@context":"https:\/\/schema.org","@graph":[{"@type":"WebPage","@id":"https:\/\/effeffe.com.tr\/lavital\/","url":"https:\/\/effeffe.com.tr\/lavital\/","name":"LaVital - Effeffeffe","isPartOf":{"@id":"https:\/\/effeffe.com.tr\/#website"},"primaryImageOfPage":{"@id":"https:\/\/effeffe.com.tr\/lavital\/#primaryimage"},"image":{"@id":"https:\/\/effeffe.com.tr\/lavital\/#primaryimage"},"thumbnailUrl":"https:\/\/effeffe.com.tr\/wp-content\/uploads\/2026\/01\/lav.jpg","datePublished":"2026-01-21T09:01:18+00:00","dateModified":"2026-03-03T07:09:39+00:00","breadcrumb":{"@id":"https:\/\/effeffe.com.tr\/lavital\/#breadcrumb"},"inLanguage":"en-US","potentialAction":[{"@type":"ReadAction","target":["https:\/\/effeffe.com.tr\/lavital\/"]}]},{"@type":"ImageObject","inLanguage":"en-US","@id":"https:\/\/effeffe.com.tr\/lavital\/#primaryimage","url":"https:\/\/effeffe.com.tr\/wp-content\/uploads\/2026\/01\/lav.jpg","contentUrl":"https:\/\/effeffe.com.tr\/wp-content\/uploads\/2026\/01\/lav.jpg","width":1000,"height":1000},{"@type":"BreadcrumbList","@id":"https:\/\/effeffe.com.tr\/lavital\/#breadcrumb","itemListElement":[{"@type":"ListItem","position":1,"name":"Anasayfa","item":"https:\/\/effeffe.com.tr\/"},{"@type":"ListItem","position":2,"name":"LaVital"}]},{"@type":"WebSite","@id":"https:\/\/effeffe.com.tr\/#website","url":"https:\/\/effeffe.com.tr\/","name":"Effeffe Pet","description":"Your brand, our commitment.","publisher":{"@id":"https:\/\/effeffe.com.tr\/#organization"},"alternateName":"Effeffe","potentialAction":[{"@type":"SearchAction","target":{"@type":"EntryPoint","urlTemplate":"https:\/\/effeffe.com.tr\/?s={search_term_string}"},"query-input":{"@type":"PropertyValueSpecification","valueRequired":true,"valueName":"search_term_string"}}],"inLanguage":"en-US"},{"@type":"Organization","@id":"https:\/\/effeffe.com.tr\/#organization","name":"Effeffe","url":"https:\/\/effeffe.com.tr\/","logo":{"@type":"ImageObject","inLanguage":"en-US","@id":"https:\/\/effeffe.com.tr\/#\/schema\/logo\/image\/","url":"https:\/\/effeffe.com.tr\/wp-content\/uploads\/2026\/01\/effeffe-logo.webp","contentUrl":"https:\/\/effeffe.com.tr\/wp-content\/uploads\/2026\/01\/effeffe-logo.webp","width":225,"height":99,"caption":"Effeffe"},"image":{"@id":"https:\/\/effeffe.com.tr\/#\/schema\/logo\/image\/"},"sameAs":["https:\/\/www.instagram.com\/effeffepet"]}]}},"_links":{"self":[{"href":"https:\/\/effeffe.com.tr\/en\/wp-json\/wp\/v2\/pages\/6106","targetHints":{"allow":["GET"]}}],"collection":[{"href":"https:\/\/effeffe.com.tr\/en\/wp-json\/wp\/v2\/pages"}],"about":[{"href":"https:\/\/effeffe.com.tr\/en\/wp-json\/wp\/v2\/types\/page"}],"author":[{"embeddable":true,"href":"https:\/\/effeffe.com.tr\/en\/wp-json\/wp\/v2\/users\/1"}],"replies":[{"embeddable":true,"href":"https:\/\/effeffe.com.tr\/en\/wp-json\/wp\/v2\/comments?post=6106"}],"version-history":[{"count":10,"href":"https:\/\/effeffe.com.tr\/en\/wp-json\/wp\/v2\/pages\/6106\/revisions"}],"predecessor-version":[{"id":6476,"href":"https:\/\/effeffe.com.tr\/en\/wp-json\/wp\/v2\/pages\/6106\/revisions\/6476"}],"wp:featuredmedia":[{"embeddable":true,"href":"https:\/\/effeffe.com.tr\/en\/wp-json\/wp\/v2\/media\/6244"}],"wp:attachment":[{"href":"https:\/\/effeffe.com.tr\/en\/wp-json\/wp\/v2\/media?parent=6106"}],"curies":[{"name":"wp","href":"https:\/\/api.w.org\/{rel}","templated":true}]}}