{"id":5978,"date":"2026-01-19T16:55:17","date_gmt":"2026-01-19T13:55:17","guid":{"rendered":"https:\/\/test.lavitalpetfood.com\/?page_id=5978"},"modified":"2026-02-10T13:27:19","modified_gmt":"2026-02-10T10:27:19","slug":"quality-control-rd","status":"publish","type":"page","link":"https:\/\/effeffe.com.tr\/en\/kalite-kontrol-ar-ge\/","title":{"rendered":"Quality Control &amp; R&amp;D"},"content":{"rendered":"<div class=\"fusion-fullwidth fullwidth-box fusion-builder-row-1 fusion-flex-container nonhundred-percent-fullwidth non-hundred-percent-height-scrolling\" style=\"--link_hover_color: var(--awb-color5);--link_color: var(--awb-color5);--awb-border-sizes-top:0px;--awb-border-sizes-bottom:0px;--awb-border-sizes-left:0px;--awb-border-sizes-right:0px;--awb-border-color:var(--awb-color2);--awb-border-radius-top-left:0px;--awb-border-radius-top-right:0px;--awb-border-radius-bottom-right:0px;--awb-border-radius-bottom-left:0px;--awb-padding-top:80px;--awb-padding-right:30px;--awb-padding-bottom:80px;--awb-padding-left:30px;--awb-padding-top-small:45px;--awb-padding-bottom-small:45px;--awb-margin-top:0px;--awb-margin-bottom:0px;--awb-background-color:var(--awb-color2);--awb-flex-wrap:wrap;\" ><div class=\"fusion-builder-row fusion-row fusion-flex-align-items-center fusion-flex-content-wrap\" style=\"max-width:1382.4px;margin-left: calc(-8% \/ 2 );margin-right: calc(-8% \/ 2 );\"><div class=\"fusion-layout-column fusion_builder_column fusion-builder-column-0 fusion-flex-column fusion-flex-align-self-flex-start fusion-animated\" style=\"--awb-bg-size:cover;--awb-width-large:45%;--awb-margin-top-large:0px;--awb-spacing-right-large:3.68%;--awb-margin-bottom-large:0px;--awb-spacing-left-large:8.1777777777778%;--awb-width-medium:40%;--awb-order-medium:0;--awb-spacing-right-medium:4.14%;--awb-spacing-left-medium:9.2%;--awb-width-small:100%;--awb-order-small:0;--awb-spacing-right-small:3.68%;--awb-margin-bottom-small:55px;--awb-spacing-left-small:3.68%;\" data-animationtype=\"fadeInLeft\" data-animationduration=\"1.3\" data-animationoffset=\"top-into-view\" data-scroll-devices=\"small-visibility,medium-visibility,large-visibility\"><div class=\"fusion-column-wrapper fusion-column-has-shadow fusion-flex-justify-content-flex-start fusion-content-layout-column\"><div class=\"fusion-image-element\" style=\"--awb-aspect-ratio:9 \/ 16;--awb-object-position:70% 58%;--awb-caption-title-font-family:var(--h2_typography-font-family);--awb-caption-title-font-weight:var(--h2_typography-font-weight);--awb-caption-title-font-style:var(--h2_typography-font-style);--awb-caption-title-size:var(--h2_typography-font-size);--awb-caption-title-transform:var(--h2_typography-text-transform);--awb-caption-title-line-height:var(--h2_typography-line-height);--awb-caption-title-letter-spacing:var(--h2_typography-letter-spacing);\"><span class=\"fusion-imageframe imageframe-none imageframe-1 hover-type-none has-aspect-ratio\"><img decoding=\"async\" width=\"600\" height=\"1075\" title=\"effeffe-kalite-kontrol-600\u00d71075\" src=\"https:\/\/effeffe.com.tr\/wp-content\/uploads\/2026\/01\/effeffe-kalite-kontrol-600x1075-1.jpg\" data-orig-src=\"https:\/\/effeffe.com.tr\/wp-content\/uploads\/2026\/01\/effeffe-kalite-kontrol-600x1075-1.jpg\" class=\"lazyload img-responsive wp-image-6132 img-with-aspect-ratio\" data-parent-fit=\"cover\" data-parent-container=\".fusion-image-element\" alt srcset=\"data:image\/svg+xml,%3Csvg%20xmlns%3D%27http%3A%2F%2Fwww.w3.org%2F2000%2Fsvg%27%20width%3D%27600%27%20height%3D%271075%27%20viewBox%3D%270%200%20600%201075%27%3E%3Crect%20width%3D%27600%27%20height%3D%271075%27%20fill-opacity%3D%220%22%2F%3E%3C%2Fsvg%3E\" data-srcset=\"https:\/\/effeffe.com.tr\/wp-content\/uploads\/2026\/01\/effeffe-kalite-kontrol-600x1075-1-200x358.jpg 200w, https:\/\/effeffe.com.tr\/wp-content\/uploads\/2026\/01\/effeffe-kalite-kontrol-600x1075-1-400x717.jpg 400w, https:\/\/effeffe.com.tr\/wp-content\/uploads\/2026\/01\/effeffe-kalite-kontrol-600x1075-1.jpg 600w\" data-sizes=\"auto\" data-orig-sizes=\"(max-width: 640px) 100vw, 600px\" \/><\/span><\/div><\/div><\/div><div class=\"fusion-layout-column fusion_builder_column fusion-builder-column-1 fusion-flex-column fusion-animated\" style=\"--awb-bg-size:cover;--awb-width-large:55%;--awb-margin-top-large:0px;--awb-spacing-right-large:6.6909090909091%;--awb-margin-bottom-large:0px;--awb-spacing-left-large:3.68%;--awb-width-medium:60%;--awb-order-medium:0;--awb-spacing-right-medium:6.1333333333333%;--awb-spacing-left-medium:3.3733333333333%;--awb-width-small:100%;--awb-order-small:0;--awb-spacing-right-small:3.68%;--awb-spacing-left-small:3.68%;\" data-animationtype=\"fadeInRight\" data-animationduration=\"1.3\" data-animationoffset=\"top-into-view\"><div class=\"fusion-column-wrapper fusion-column-has-shadow fusion-flex-justify-content-flex-start fusion-content-layout-column\"><div class=\"fusion-title title fusion-title-1 fusion-sep-none fusion-title-text fusion-title-size-three\" style=\"--awb-text-color:var(--awb-color8);--awb-margin-bottom:60px;--awb-margin-top-small:10px;--awb-margin-right-small:0px;--awb-margin-bottom-small:40px;--awb-margin-left-small:0px;\"><h3 class=\"fusion-title-heading title-heading-left fusion-responsive-typography-calculated\" style=\"margin:0;--fontSize:48;line-height:1.24;\">Quality Control &amp; R&amp;D<\/h3><\/div><div class=\"fusion-separator fusion-full-width-sep\" style=\"align-self: center;margin-left: auto;margin-right: auto;width:100%;\"><div class=\"fusion-separator-border sep-single sep-solid\" style=\"--awb-height:20px;--awb-amount:20px;--awb-sep-color:hsla(var(--awb-color8-h),var(--awb-color8-s),var(--awb-color8-l),calc(var(--awb-color8-a) - 80%));border-color:hsla(var(--awb-color8-h),var(--awb-color8-s),var(--awb-color8-l),calc(var(--awb-color8-a) - 80%));border-top-width:1px;\"><\/div><\/div><div class=\"fusion-builder-row fusion-builder-row-inner fusion-row fusion-flex-align-items-center fusion-flex-content-wrap\" style=\"--awb-flex-grow:0;--awb-flex-grow-medium:0;--awb-flex-grow-small:0;--awb-flex-shrink:0;--awb-flex-shrink-medium:0;--awb-flex-shrink-small:0;width:108% !important;max-width:108% !important;margin-left: calc(-8% \/ 2 );margin-right: calc(-8% \/ 2 );\"><div class=\"fusion-layout-column fusion_builder_column_inner fusion-builder-nested-column-0 fusion_builder_column_inner_1_1 1_1 fusion-flex-column fusion-flex-align-self-stretch\" style=\"--awb-padding-top:50px;--awb-padding-right:50px;--awb-bg-size:cover;--awb-border-color:hsla(var(--awb-color8-h),var(--awb-color8-s),var(--awb-color8-l),calc(var(--awb-color8-a) - 80%));--awb-border-style:solid;--awb-width-large:100%;--awb-margin-top-large:0px;--awb-spacing-right-large:0%;--awb-margin-bottom-large:0px;--awb-spacing-left-large:3.68%;--awb-width-medium:100%;--awb-order-medium:0;--awb-spacing-right-medium:0%;--awb-spacing-left-medium:3.68%;--awb-width-small:100%;--awb-order-small:0;--awb-spacing-right-small:3.68%;--awb-margin-bottom-small:30px;--awb-spacing-left-small:3.68%;\" data-scroll-devices=\"small-visibility,medium-visibility,large-visibility\"><div class=\"fusion-column-wrapper fusion-column-has-shadow fusion-flex-justify-content-flex-end fusion-content-layout-column\"><div class=\"fusion-text fusion-text-1 fusion-text-no-margin\" style=\"--awb-font-size:var(--awb-typography4-font-size);--awb-line-height:var(--awb-typography4-line-height);--awb-letter-spacing:var(--awb-typography4-letter-spacing);--awb-text-transform:var(--awb-typography4-text-transform);--awb-text-color:var(--awb-color8);--awb-margin-bottom:0px;--awb-text-font-family:var(--awb-typography4-font-family);--awb-text-font-weight:var(--awb-typography4-font-weight);--awb-text-font-style:var(--awb-typography4-font-style);\"><p>Every day, in our laboratories, all stages from raw materials to the final product are checked with detailed analysis. Physical, chemical and microbiological tests are performed regularly to ensure product safety and quality continuity.<br \/>\nEffeffe Pet acts with a production approach that respects animals, the environment and nature. Accordingly, production processes are carried out in accordance with internationally recognized food safety standards and are constantly audited.<br \/>\nRaw materials are sourced from suppliers that ensure quality consistency and adhere to strict protocols. Product ingredients are based on high nutritional value, digestibility and long-term contribution to pet health.<br \/>\nMonitoring critical control points, recording processes and analyzing products before they are placed on the market form the basis of our quality management system.<br \/>\nEffeffe Pet ensures product quality and the sustainability of this quality through production processes that comply with ISO 9001, ISO 22000 and GMP standards.<\/p>\n<\/div><\/div><\/div><\/div><div class=\"fusion-title title fusion-title-2 fusion-sep-none fusion-title-text fusion-title-size-three\" style=\"--awb-margin-top:50px;--awb-margin-top-small:10px;--awb-margin-right-small:0px;--awb-margin-bottom-small:10px;--awb-margin-left-small:0px;\"><h3 class=\"fusion-title-heading title-heading-left fusion-responsive-typography-calculated\" style=\"margin:0;--fontSize:48;line-height:1.24;\">Research and Development<\/h3><\/div><ul style=\"--awb-iconcolor:#000000;--awb-line-height:30.6px;--awb-icon-width:30.6px;--awb-icon-height:30.6px;--awb-icon-margin:12.6px;--awb-content-margin:43.2px;\" class=\"fusion-checklist fusion-checklist-1 fusion-checklist-default type-icons\"><li class=\"fusion-li-item\" style=\"\"><span class=\"icon-wrapper circle-no\"><i class=\"fusion-li-icon fa-microscope fas\" aria-hidden=\"true\"><\/i><\/span><div class=\"fusion-li-item-content\">Over 100 formula and product innovations,<\/div><\/li><li class=\"fusion-li-item\" style=\"\"><span class=\"icon-wrapper circle-no\"><i class=\"fusion-li-icon fa-microscope fas\" aria-hidden=\"true\"><\/i><\/span><div class=\"fusion-li-item-content\">Research on new content in close collaboration with qualified suppliers,<\/div><\/li><li class=\"fusion-li-item\" style=\"\"><span class=\"icon-wrapper circle-no\"><i class=\"fusion-li-icon fa-microscope fas\" aria-hidden=\"true\"><\/i><\/span><div class=\"fusion-li-item-content\">Product validation through collaboration with universities,<\/div><\/li><li class=\"fusion-li-item\" style=\"\"><span class=\"icon-wrapper circle-no\"><i class=\"fusion-li-icon fa-microscope fas\" aria-hidden=\"true\"><\/i><\/span><div class=\"fusion-li-item-content\">Continuous improvement of the existing product range,<\/div><\/li><li class=\"fusion-li-item\" style=\"\"><span class=\"icon-wrapper circle-no\"><i class=\"fusion-li-icon fa-microscope fas\" aria-hidden=\"true\"><\/i><\/span><div class=\"fusion-li-item-content\">Monitoring and continuous verification of nutritional compatibility of formulas,<\/div><\/li><li class=\"fusion-li-item\" style=\"\"><span class=\"icon-wrapper circle-no\"><i class=\"fusion-li-icon fa-microscope fas\" aria-hidden=\"true\"><\/i><\/span><div class=\"fusion-li-item-content\">Modernization of production technologies,<\/div><\/li><\/ul><\/div><\/div><\/div><\/div>","protected":false},"excerpt":{"rendered":"","protected":false},"author":1,"featured_media":5880,"parent":0,"menu_order":0,"comment_status":"closed","ping_status":"closed","template":"100-width.php","meta":{"_acf_changed":false,"footnotes":""},"class_list":["post-5978","page","type-page","status-publish","has-post-thumbnail","hentry"],"acf":[],"yoast_head":"<!-- This site is optimized with the Yoast SEO plugin v27.4 - https:\/\/yoast.com\/product\/yoast-seo-wordpress\/ -->\n<title>Kalite Kontrol &amp; AR-GE - Effeffe<\/title>\n<meta name=\"robots\" content=\"index, follow, max-snippet:-1, max-image-preview:large, max-video-preview:-1\" \/>\n<link rel=\"canonical\" href=\"https:\/\/effeffe.com.tr\/en\/quality-control-rd\/\" \/>\n<meta property=\"og:locale\" content=\"en_US\" \/>\n<meta property=\"og:type\" content=\"article\" \/>\n<meta property=\"og:title\" content=\"Kalite Kontrol &amp; AR-GE - Effeffe\" \/>\n<meta property=\"og:url\" content=\"https:\/\/effeffe.com.tr\/en\/quality-control-rd\/\" \/>\n<meta property=\"og:site_name\" content=\"Effeffe\" \/>\n<meta property=\"article:modified_time\" content=\"2026-02-10T10:27:19+00:00\" \/>\n<meta property=\"og:image\" content=\"https:\/\/effeffe.com.tr\/wp-content\/uploads\/2026\/01\/Effeffe_kalite.jpg\" \/>\n\t<meta property=\"og:image:width\" content=\"1000\" \/>\n\t<meta property=\"og:image:height\" content=\"1000\" \/>\n\t<meta property=\"og:image:type\" content=\"image\/jpeg\" \/>\n<meta name=\"twitter:card\" content=\"summary_large_image\" \/>\n<meta name=\"twitter:label1\" content=\"Est. reading time\" \/>\n\t<meta name=\"twitter:data1\" content=\"12 minutes\" \/>\n<script type=\"application\/ld+json\" class=\"yoast-schema-graph\">{\"@context\":\"https:\\\/\\\/schema.org\",\"@graph\":[{\"@type\":\"WebPage\",\"@id\":\"https:\\\/\\\/effeffe.com.tr\\\/kalite-kontrol-ar-ge\\\/\",\"url\":\"https:\\\/\\\/effeffe.com.tr\\\/kalite-kontrol-ar-ge\\\/\",\"name\":\"Kalite Kontrol & AR-GE - Effeffe\",\"isPartOf\":{\"@id\":\"https:\\\/\\\/effeffe.com.tr\\\/#website\"},\"primaryImageOfPage\":{\"@id\":\"https:\\\/\\\/effeffe.com.tr\\\/kalite-kontrol-ar-ge\\\/#primaryimage\"},\"image\":{\"@id\":\"https:\\\/\\\/effeffe.com.tr\\\/kalite-kontrol-ar-ge\\\/#primaryimage\"},\"thumbnailUrl\":\"https:\\\/\\\/effeffe.com.tr\\\/wp-content\\\/uploads\\\/2026\\\/01\\\/Effeffe_kalite.jpg\",\"datePublished\":\"2026-01-19T13:55:17+00:00\",\"dateModified\":\"2026-02-10T10:27:19+00:00\",\"breadcrumb\":{\"@id\":\"https:\\\/\\\/effeffe.com.tr\\\/kalite-kontrol-ar-ge\\\/#breadcrumb\"},\"inLanguage\":\"en-US\",\"potentialAction\":[{\"@type\":\"ReadAction\",\"target\":[\"https:\\\/\\\/effeffe.com.tr\\\/kalite-kontrol-ar-ge\\\/\"]}]},{\"@type\":\"ImageObject\",\"inLanguage\":\"en-US\",\"@id\":\"https:\\\/\\\/effeffe.com.tr\\\/kalite-kontrol-ar-ge\\\/#primaryimage\",\"url\":\"https:\\\/\\\/effeffe.com.tr\\\/wp-content\\\/uploads\\\/2026\\\/01\\\/Effeffe_kalite.jpg\",\"contentUrl\":\"https:\\\/\\\/effeffe.com.tr\\\/wp-content\\\/uploads\\\/2026\\\/01\\\/Effeffe_kalite.jpg\",\"width\":1000,\"height\":1000},{\"@type\":\"BreadcrumbList\",\"@id\":\"https:\\\/\\\/effeffe.com.tr\\\/kalite-kontrol-ar-ge\\\/#breadcrumb\",\"itemListElement\":[{\"@type\":\"ListItem\",\"position\":1,\"name\":\"Anasayfa\",\"item\":\"https:\\\/\\\/effeffe.com.tr\\\/\"},{\"@type\":\"ListItem\",\"position\":2,\"name\":\"Kalite Kontrol &#038; AR-GE\"}]},{\"@type\":\"WebSite\",\"@id\":\"https:\\\/\\\/effeffe.com.tr\\\/#website\",\"url\":\"https:\\\/\\\/effeffe.com.tr\\\/\",\"name\":\"Effeffe Pet\",\"description\":\"Sizin markan\u0131z, bizim ba\u011fl\u0131l\u0131\u011f\u0131m\u0131z.\",\"publisher\":{\"@id\":\"https:\\\/\\\/effeffe.com.tr\\\/#organization\"},\"alternateName\":\"Effeffe\",\"potentialAction\":[{\"@type\":\"SearchAction\",\"target\":{\"@type\":\"EntryPoint\",\"urlTemplate\":\"https:\\\/\\\/effeffe.com.tr\\\/?s={search_term_string}\"},\"query-input\":{\"@type\":\"PropertyValueSpecification\",\"valueRequired\":true,\"valueName\":\"search_term_string\"}}],\"inLanguage\":\"en-US\"},{\"@type\":\"Organization\",\"@id\":\"https:\\\/\\\/effeffe.com.tr\\\/#organization\",\"name\":\"Effeffe\",\"url\":\"https:\\\/\\\/effeffe.com.tr\\\/\",\"logo\":{\"@type\":\"ImageObject\",\"inLanguage\":\"en-US\",\"@id\":\"https:\\\/\\\/effeffe.com.tr\\\/#\\\/schema\\\/logo\\\/image\\\/\",\"url\":\"https:\\\/\\\/effeffe.com.tr\\\/wp-content\\\/uploads\\\/2026\\\/01\\\/effeffe-logo.webp\",\"contentUrl\":\"https:\\\/\\\/effeffe.com.tr\\\/wp-content\\\/uploads\\\/2026\\\/01\\\/effeffe-logo.webp\",\"width\":225,\"height\":99,\"caption\":\"Effeffe\"},\"image\":{\"@id\":\"https:\\\/\\\/effeffe.com.tr\\\/#\\\/schema\\\/logo\\\/image\\\/\"},\"sameAs\":[\"https:\\\/\\\/www.instagram.com\\\/effeffepet\"]}]}<\/script>\n<!-- \/ Yoast SEO plugin. -->","yoast_head_json":{"title":"Quality Control &amp; R&amp;D - Effeffeffe","robots":{"index":"index","follow":"follow","max-snippet":"max-snippet:-1","max-image-preview":"max-image-preview:large","max-video-preview":"max-video-preview:-1"},"canonical":"https:\/\/effeffe.com.tr\/en\/quality-control-rd\/","og_locale":"en_US","og_type":"article","og_title":"Kalite Kontrol & AR-GE - Effeffe","og_url":"https:\/\/effeffe.com.tr\/en\/quality-control-rd\/","og_site_name":"Effeffe","article_modified_time":"2026-02-10T10:27:19+00:00","og_image":[{"width":1000,"height":1000,"url":"https:\/\/effeffe.com.tr\/wp-content\/uploads\/2026\/01\/Effeffe_kalite.jpg","type":"image\/jpeg"}],"twitter_card":"summary_large_image","twitter_misc":{"Est. reading time":"12 minutes"},"schema":{"@context":"https:\/\/schema.org","@graph":[{"@type":"WebPage","@id":"https:\/\/effeffe.com.tr\/kalite-kontrol-ar-ge\/","url":"https:\/\/effeffe.com.tr\/kalite-kontrol-ar-ge\/","name":"Quality Control &amp; R&amp;D - Effeffeffe","isPartOf":{"@id":"https:\/\/effeffe.com.tr\/#website"},"primaryImageOfPage":{"@id":"https:\/\/effeffe.com.tr\/kalite-kontrol-ar-ge\/#primaryimage"},"image":{"@id":"https:\/\/effeffe.com.tr\/kalite-kontrol-ar-ge\/#primaryimage"},"thumbnailUrl":"https:\/\/effeffe.com.tr\/wp-content\/uploads\/2026\/01\/Effeffe_kalite.jpg","datePublished":"2026-01-19T13:55:17+00:00","dateModified":"2026-02-10T10:27:19+00:00","breadcrumb":{"@id":"https:\/\/effeffe.com.tr\/kalite-kontrol-ar-ge\/#breadcrumb"},"inLanguage":"en-US","potentialAction":[{"@type":"ReadAction","target":["https:\/\/effeffe.com.tr\/kalite-kontrol-ar-ge\/"]}]},{"@type":"ImageObject","inLanguage":"en-US","@id":"https:\/\/effeffe.com.tr\/kalite-kontrol-ar-ge\/#primaryimage","url":"https:\/\/effeffe.com.tr\/wp-content\/uploads\/2026\/01\/Effeffe_kalite.jpg","contentUrl":"https:\/\/effeffe.com.tr\/wp-content\/uploads\/2026\/01\/Effeffe_kalite.jpg","width":1000,"height":1000},{"@type":"BreadcrumbList","@id":"https:\/\/effeffe.com.tr\/kalite-kontrol-ar-ge\/#breadcrumb","itemListElement":[{"@type":"ListItem","position":1,"name":"Anasayfa","item":"https:\/\/effeffe.com.tr\/"},{"@type":"ListItem","position":2,"name":"Kalite Kontrol &#038; AR-GE"}]},{"@type":"WebSite","@id":"https:\/\/effeffe.com.tr\/#website","url":"https:\/\/effeffe.com.tr\/","name":"Effeffe Pet","description":"Your brand, our commitment.","publisher":{"@id":"https:\/\/effeffe.com.tr\/#organization"},"alternateName":"Effeffe","potentialAction":[{"@type":"SearchAction","target":{"@type":"EntryPoint","urlTemplate":"https:\/\/effeffe.com.tr\/?s={search_term_string}"},"query-input":{"@type":"PropertyValueSpecification","valueRequired":true,"valueName":"search_term_string"}}],"inLanguage":"en-US"},{"@type":"Organization","@id":"https:\/\/effeffe.com.tr\/#organization","name":"Effeffe","url":"https:\/\/effeffe.com.tr\/","logo":{"@type":"ImageObject","inLanguage":"en-US","@id":"https:\/\/effeffe.com.tr\/#\/schema\/logo\/image\/","url":"https:\/\/effeffe.com.tr\/wp-content\/uploads\/2026\/01\/effeffe-logo.webp","contentUrl":"https:\/\/effeffe.com.tr\/wp-content\/uploads\/2026\/01\/effeffe-logo.webp","width":225,"height":99,"caption":"Effeffe"},"image":{"@id":"https:\/\/effeffe.com.tr\/#\/schema\/logo\/image\/"},"sameAs":["https:\/\/www.instagram.com\/effeffepet"]}]}},"_links":{"self":[{"href":"https:\/\/effeffe.com.tr\/en\/wp-json\/wp\/v2\/pages\/5978","targetHints":{"allow":["GET"]}}],"collection":[{"href":"https:\/\/effeffe.com.tr\/en\/wp-json\/wp\/v2\/pages"}],"about":[{"href":"https:\/\/effeffe.com.tr\/en\/wp-json\/wp\/v2\/types\/page"}],"author":[{"embeddable":true,"href":"https:\/\/effeffe.com.tr\/en\/wp-json\/wp\/v2\/users\/1"}],"replies":[{"embeddable":true,"href":"https:\/\/effeffe.com.tr\/en\/wp-json\/wp\/v2\/comments?post=5978"}],"version-history":[{"count":15,"href":"https:\/\/effeffe.com.tr\/en\/wp-json\/wp\/v2\/pages\/5978\/revisions"}],"predecessor-version":[{"id":6336,"href":"https:\/\/effeffe.com.tr\/en\/wp-json\/wp\/v2\/pages\/5978\/revisions\/6336"}],"wp:featuredmedia":[{"embeddable":true,"href":"https:\/\/effeffe.com.tr\/en\/wp-json\/wp\/v2\/media\/5880"}],"wp:attachment":[{"href":"https:\/\/effeffe.com.tr\/en\/wp-json\/wp\/v2\/media?parent=5978"}],"curies":[{"name":"wp","href":"https:\/\/api.w.org\/{rel}","templated":true}]}}