{"id":16,"date":"2021-11-11T14:24:28","date_gmt":"2021-11-11T14:24:28","guid":{"rendered":"https:\/\/avadawebsites.wpengine.com\/eco\/?page_id=16"},"modified":"2026-02-10T13:19:25","modified_gmt":"2026-02-10T10:19:25","slug":"integrated-management-system-policy","status":"publish","type":"page","link":"https:\/\/effeffe.com.tr\/en\/entegre-yonetim-sistemi-politikasi\/","title":{"rendered":"Integrated Management System Policy"},"content":{"rendered":"<div class=\"fusion-fullwidth fullwidth-box fusion-builder-row-1 fusion-flex-container has-mask-background nonhundred-percent-fullwidth non-hundred-percent-height-scrolling\" style=\"--awb-border-radius-top-left:0px;--awb-border-radius-top-right:0px;--awb-border-radius-bottom-right:0px;--awb-border-radius-bottom-left:0px;--awb-padding-top:112px;--awb-padding-bottom:112px;--awb-background-color:var(--awb-color2);--awb-flex-wrap:wrap;\" ><div class=\"awb-background-mask\" style=\"background-image:  url(data:image\/svg+xml;utf8,%3Csvg%20width%3D%221920%22%20height%3D%22954%22%20fill%3D%22none%22%20xmlns%3D%22http%3A%2F%2Fwww.w3.org%2F2000%2Fsvg%22%3E%3Cpath%20fill-rule%3D%22evenodd%22%20clip-rule%3D%22evenodd%22%20d%3D%22M1920%200H0v954h1920V0zm-219%2030c17.67%200%2032%2014.327%2032%2032v87c0%2017.673%2014.33%2032%2032%2032h92c17.67%200%2032%2014.327%2032%2032v556c0%2017.673-14.33%2032-32%2032h-294c-17.67%200-32%2014.327-32%2032v59c0%2017.673-14.33%2032-32%2032H63c-17.673%200-32-14.327-32-32V316c0-17.673%2014.327-32%2032-32h108c17.673%200%2032-14.327%2032-32V62c0-17.673%2014.327-32%2032-32h1466z%22%20fill%3D%22rgba%28255%2C255%2C255%2C1%29%22%2F%3E%3C%2Fsvg%3E);\"><\/div><div class=\"fusion-builder-row fusion-row fusion-flex-align-items-flex-start fusion-flex-content-wrap\" style=\"max-width:1356.8px;margin-left: calc(-6% \/ 2 );margin-right: calc(-6% \/ 2 );\"><div class=\"fusion-layout-column fusion_builder_column fusion-builder-column-0 fusion_builder_column_1_2 1_2 fusion-flex-column\" style=\"--awb-bg-size:cover;--awb-width-large:50%;--awb-margin-top-large:16px;--awb-spacing-right-large:5.64%;--awb-margin-bottom-large:64px;--awb-spacing-left-large:5.64%;--awb-width-medium:50%;--awb-order-medium:0;--awb-spacing-right-medium:5.64%;--awb-spacing-left-medium:5.64%;--awb-width-small:100%;--awb-order-small:0;--awb-spacing-right-small:2.82%;--awb-margin-bottom-small:48px;--awb-spacing-left-small:2.82%;\"><div class=\"fusion-column-wrapper fusion-column-has-shadow fusion-flex-justify-content-flex-start fusion-content-layout-column\"><div class=\"fusion-title title fusion-title-1 fusion-sep-none fusion-title-text fusion-title-size-two\" style=\"--awb-margin-top-small:10px;--awb-margin-right-small:0px;--awb-margin-bottom-small:10px;--awb-margin-left-small:0px;\"><h2 class=\"fusion-title-heading title-heading-left fusion-responsive-typography-calculated\" style=\"margin:0;--fontSize:60;line-height:1.12;\">Integrated Management System Policy<\/h2><\/div><\/div><\/div><div class=\"fusion-layout-column fusion_builder_column fusion-builder-column-1 fusion_builder_column_1_2 1_2 fusion-flex-column fusion-no-small-visibility\" style=\"--awb-bg-size:cover;--awb-width-large:50%;--awb-margin-top-large:16px;--awb-spacing-right-large:5.64%;--awb-margin-bottom-large:16px;--awb-spacing-left-large:5.64%;--awb-width-medium:50%;--awb-order-medium:0;--awb-spacing-right-medium:5.64%;--awb-spacing-left-medium:5.64%;--awb-width-small:100%;--awb-order-small:0;--awb-margin-top-small:0px;--awb-spacing-right-small:2.82%;--awb-spacing-left-small:2.82%;\"><div class=\"fusion-column-wrapper fusion-column-has-shadow fusion-flex-justify-content-flex-start fusion-content-layout-column\"><\/div><\/div><div class=\"fusion-layout-column fusion_builder_column fusion-builder-column-2 fusion_builder_column_1_3 1_3 fusion-flex-column\" style=\"--awb-bg-size:cover;--awb-width-large:33.333333333333%;--awb-margin-top-large:16px;--awb-spacing-right-large:8.46%;--awb-margin-bottom-large:40px;--awb-spacing-left-large:8.46%;--awb-width-medium:33.333333333333%;--awb-order-medium:0;--awb-spacing-right-medium:8.46%;--awb-spacing-left-medium:8.46%;--awb-width-small:100%;--awb-order-small:0;--awb-spacing-right-small:2.82%;--awb-spacing-left-small:2.82%;\"><div class=\"fusion-column-wrapper fusion-column-has-shadow fusion-flex-justify-content-center fusion-content-layout-column\"><i class=\"fb-icon-element-1 fb-icon-element fontawesome-icon fa-allergies fas circle-no fusion-text-flow\" style=\"--awb-font-size:49px;--awb-margin-right:24.5px;\"><\/i><div class=\"fusion-text fusion-text-1\" style=\"--awb-text-transform:none;--awb-margin-top:20px;\"><p><span style=\"font-weight: 400;\">To produce all products without compromising hygiene rules<\/span><\/p>\n<\/div><\/div><\/div><div class=\"fusion-layout-column fusion_builder_column fusion-builder-column-3 fusion_builder_column_1_3 1_3 fusion-flex-column\" style=\"--awb-bg-size:cover;--awb-width-large:33.333333333333%;--awb-margin-top-large:16px;--awb-spacing-right-large:8.46%;--awb-margin-bottom-large:40px;--awb-spacing-left-large:8.46%;--awb-width-medium:33.333333333333%;--awb-order-medium:0;--awb-spacing-right-medium:8.46%;--awb-spacing-left-medium:8.46%;--awb-width-small:100%;--awb-order-small:0;--awb-spacing-right-small:2.82%;--awb-spacing-left-small:2.82%;\"><div class=\"fusion-column-wrapper fusion-column-has-shadow fusion-flex-justify-content-center fusion-content-layout-column\"><i class=\"fb-icon-element-2 fb-icon-element fontawesome-icon fa-biohazard fas circle-no fusion-text-flow\" style=\"--awb-font-size:49px;--awb-margin-right:24.5px;\"><\/i><div class=\"fusion-text fusion-text-2\" style=\"--awb-text-transform:none;--awb-margin-top:20px;\"><p><span style=\"font-weight: 400;\">To take necessary precautions against physical, chemical and microbiological risks that may occur within the scope of food safety and to ensure continuous controls.<\/span><\/p>\n<\/div><\/div><\/div><div class=\"fusion-layout-column fusion_builder_column fusion-builder-column-4 fusion_builder_column_1_3 1_3 fusion-flex-column\" style=\"--awb-bg-size:cover;--awb-width-large:33.333333333333%;--awb-margin-top-large:16px;--awb-spacing-right-large:8.46%;--awb-margin-bottom-large:40px;--awb-spacing-left-large:8.46%;--awb-width-medium:33.333333333333%;--awb-order-medium:0;--awb-spacing-right-medium:8.46%;--awb-spacing-left-medium:8.46%;--awb-width-small:100%;--awb-order-small:0;--awb-spacing-right-small:2.82%;--awb-spacing-left-small:2.82%;\"><div class=\"fusion-column-wrapper fusion-column-has-shadow fusion-flex-justify-content-center fusion-content-layout-column\"><i class=\"fb-icon-element-3 fb-icon-element fontawesome-icon fa-book fas circle-no fusion-text-flow\" style=\"--awb-font-size:49px;--awb-margin-right:24.5px;\"><\/i><div class=\"fusion-text fusion-text-3\" style=\"--awb-text-transform:none;--awb-margin-top:20px;\"><p><span style=\"font-weight: 400;\">To monitor and continuously improve system effectiveness in accordance with the requirements of Food Safety and Quality Management Systems.<\/span><\/p>\n<\/div><\/div><\/div><div class=\"fusion-layout-column fusion_builder_column fusion-builder-column-5 fusion_builder_column_1_3 1_3 fusion-flex-column\" style=\"--awb-bg-size:cover;--awb-width-large:33.333333333333%;--awb-margin-top-large:16px;--awb-spacing-right-large:8.46%;--awb-margin-bottom-large:40px;--awb-spacing-left-large:8.46%;--awb-width-medium:33.333333333333%;--awb-order-medium:0;--awb-spacing-right-medium:8.46%;--awb-spacing-left-medium:8.46%;--awb-width-small:100%;--awb-order-small:0;--awb-spacing-right-small:2.82%;--awb-spacing-left-small:2.82%;\"><div class=\"fusion-column-wrapper fusion-column-has-shadow fusion-flex-justify-content-center fusion-content-layout-column\"><i class=\"fb-icon-element-4 fb-icon-element fontawesome-icon fa-hand-holding-heart fas circle-no fusion-text-flow\" style=\"--awb-font-size:49px;--awb-margin-right:24.5px;\"><\/i><div class=\"fusion-text fusion-text-4\" style=\"--awb-text-transform:none;--awb-margin-top:20px;\"><p><span style=\"font-weight: 400;\">To meet customer demands on time by realizing the planned production in the shortest time and with minimum error.<\/span><\/p>\n<\/div><\/div><\/div><div class=\"fusion-layout-column fusion_builder_column fusion-builder-column-6 fusion_builder_column_1_3 1_3 fusion-flex-column\" style=\"--awb-bg-size:cover;--awb-width-large:33.333333333333%;--awb-margin-top-large:16px;--awb-spacing-right-large:8.46%;--awb-margin-bottom-large:40px;--awb-spacing-left-large:8.46%;--awb-width-medium:33.333333333333%;--awb-order-medium:0;--awb-spacing-right-medium:8.46%;--awb-spacing-left-medium:8.46%;--awb-width-small:100%;--awb-order-small:0;--awb-spacing-right-small:2.82%;--awb-spacing-left-small:2.82%;\"><div class=\"fusion-column-wrapper fusion-column-has-shadow fusion-flex-justify-content-center fusion-content-layout-column\"><i class=\"fb-icon-element-5 fb-icon-element fontawesome-icon fa-child fas circle-no fusion-text-flow\" style=\"--awb-font-size:49px;--awb-margin-right:24.5px;\"><\/i><div class=\"fusion-text fusion-text-5\" style=\"--awb-text-transform:none;--awb-margin-top:20px;\"><p><span style=\"font-weight: 400;\">Keeping customer satisfaction at the highest level and ensuring its sustainability by taking customer expectations into account.<\/span><\/p>\n<\/div><\/div><\/div><div class=\"fusion-layout-column fusion_builder_column fusion-builder-column-7 fusion_builder_column_1_3 1_3 fusion-flex-column\" style=\"--awb-bg-size:cover;--awb-width-large:33.333333333333%;--awb-margin-top-large:16px;--awb-spacing-right-large:8.46%;--awb-margin-bottom-large:40px;--awb-spacing-left-large:8.46%;--awb-width-medium:33.333333333333%;--awb-order-medium:0;--awb-spacing-right-medium:8.46%;--awb-spacing-left-medium:8.46%;--awb-width-small:100%;--awb-order-small:0;--awb-spacing-right-small:2.82%;--awb-spacing-left-small:2.82%;\"><div class=\"fusion-column-wrapper fusion-column-has-shadow fusion-flex-justify-content-center fusion-content-layout-column\"><i class=\"fb-icon-element-6 fb-icon-element fontawesome-icon fa-angle-double-right fas circle-no fusion-text-flow\" style=\"--awb-font-size:49px;--awb-margin-right:24.5px;\"><\/i><div class=\"fusion-text fusion-text-6\" style=\"--awb-text-transform:none;--awb-margin-top:20px;\"><p><span style=\"font-weight: 400;\">To adopt continuous development and improvement of quality as a principle.<\/span><\/p>\n<\/div><\/div><\/div><div class=\"fusion-layout-column fusion_builder_column fusion-builder-column-8 fusion_builder_column_1_3 1_3 fusion-flex-column\" style=\"--awb-bg-size:cover;--awb-width-large:33.333333333333%;--awb-margin-top-large:16px;--awb-spacing-right-large:8.46%;--awb-margin-bottom-large:40px;--awb-spacing-left-large:8.46%;--awb-width-medium:33.333333333333%;--awb-order-medium:0;--awb-spacing-right-medium:8.46%;--awb-spacing-left-medium:8.46%;--awb-width-small:100%;--awb-order-small:0;--awb-spacing-right-small:2.82%;--awb-spacing-left-small:2.82%;\"><div class=\"fusion-column-wrapper fusion-column-has-shadow fusion-flex-justify-content-center fusion-content-layout-column\"><i class=\"fb-icon-element-7 fb-icon-element fontawesome-icon fa-archway fas circle-no fusion-text-flow\" style=\"--awb-font-size:49px;--awb-margin-right:24.5px;\"><\/i><div class=\"fusion-text fusion-text-7\" style=\"--awb-text-transform:none;--awb-margin-top:20px;\"><p><span style=\"font-weight: 400;\">To continuously raise the level of knowledge and awareness of our employees and to increase morale and productivity by providing trainings in this direction.<\/span><\/p>\n<\/div><\/div><\/div><div class=\"fusion-layout-column fusion_builder_column fusion-builder-column-9 fusion_builder_column_1_3 1_3 fusion-flex-column\" style=\"--awb-bg-size:cover;--awb-width-large:33.333333333333%;--awb-margin-top-large:16px;--awb-spacing-right-large:8.46%;--awb-margin-bottom-large:40px;--awb-spacing-left-large:8.46%;--awb-width-medium:33.333333333333%;--awb-order-medium:0;--awb-spacing-right-medium:8.46%;--awb-spacing-left-medium:8.46%;--awb-width-small:100%;--awb-order-small:0;--awb-spacing-right-small:2.82%;--awb-spacing-left-small:2.82%;\"><div class=\"fusion-column-wrapper fusion-column-has-shadow fusion-flex-justify-content-center fusion-content-layout-column\"><i class=\"fb-icon-element-8 fb-icon-element fontawesome-icon fa-recycle fas circle-no fusion-text-flow\" style=\"--awb-font-size:49px;--awb-margin-right:24.5px;\"><\/i><div class=\"fusion-text fusion-text-8\" style=\"--awb-text-transform:none;--awb-margin-top:20px;\"><p><span style=\"font-weight: 400;\">To carry out all activities to prevent environmental pollution with a sense of social responsibility.<\/span><\/p>\n<\/div><\/div><\/div><div class=\"fusion-layout-column fusion_builder_column fusion-builder-column-10 fusion_builder_column_1_3 1_3 fusion-flex-column\" style=\"--awb-bg-size:cover;--awb-width-large:33.333333333333%;--awb-margin-top-large:16px;--awb-spacing-right-large:8.46%;--awb-margin-bottom-large:40px;--awb-spacing-left-large:8.46%;--awb-width-medium:33.333333333333%;--awb-order-medium:0;--awb-spacing-right-medium:8.46%;--awb-spacing-left-medium:8.46%;--awb-width-small:100%;--awb-order-small:0;--awb-spacing-right-small:2.82%;--awb-spacing-left-small:2.82%;\"><div class=\"fusion-column-wrapper fusion-column-has-shadow fusion-flex-justify-content-center fusion-content-layout-column\"><i class=\"fb-icon-element-9 fb-icon-element fontawesome-icon fa-eye fas circle-no fusion-text-flow\" style=\"--awb-font-size:49px;--awb-margin-right:24.5px;\"><\/i><div class=\"fusion-text fusion-text-9\" style=\"--awb-text-transform:none;--awb-margin-top:20px;\"><p><span style=\"font-weight: 400;\">To carry out procurement and production activities in compliance with all laws, codesx and standards related to food safety.<\/span><\/p>\n<\/div><\/div><\/div><div class=\"fusion-layout-column fusion_builder_column fusion-builder-column-11 fusion_builder_column_1_3 1_3 fusion-flex-column\" style=\"--awb-bg-size:cover;--awb-width-large:33.333333333333%;--awb-margin-top-large:16px;--awb-spacing-right-large:8.46%;--awb-margin-bottom-large:40px;--awb-spacing-left-large:8.46%;--awb-width-medium:33.333333333333%;--awb-order-medium:0;--awb-spacing-right-medium:8.46%;--awb-spacing-left-medium:8.46%;--awb-width-small:100%;--awb-order-small:0;--awb-spacing-right-small:2.82%;--awb-spacing-left-small:2.82%;\"><div class=\"fusion-column-wrapper fusion-column-has-shadow fusion-flex-justify-content-center fusion-content-layout-column\"><i class=\"fb-icon-element-10 fb-icon-element fontawesome-icon fa-gavel fas circle-no fusion-text-flow\" style=\"--awb-font-size:49px;--awb-margin-right:24.5px;\"><\/i><div class=\"fusion-text fusion-text-10\" style=\"--awb-text-transform:none;--awb-margin-top:20px;\"><p><span style=\"font-weight: 400;\">Regularly review the applicability of the integrated management system and its compliance with legal requirements.<\/span><\/p>\n<\/div><\/div><\/div><\/div><\/div>","protected":false},"excerpt":{"rendered":"","protected":false},"author":1,"featured_media":5920,"parent":0,"menu_order":0,"comment_status":"closed","ping_status":"closed","template":"100-width.php","meta":{"_acf_changed":false,"footnotes":""},"class_list":["post-16","page","type-page","status-publish","has-post-thumbnail","hentry"],"acf":[],"yoast_head":"<!-- This site is optimized with the Yoast SEO plugin v27.4 - https:\/\/yoast.com\/product\/yoast-seo-wordpress\/ -->\n<title>Entegre Y\u00f6netim Sistemi Politikas\u0131 - Effeffe<\/title>\n<meta name=\"robots\" content=\"index, follow, max-snippet:-1, max-image-preview:large, max-video-preview:-1\" \/>\n<link rel=\"canonical\" href=\"https:\/\/effeffe.com.tr\/en\/integrated-management-system-policy\/\" \/>\n<meta property=\"og:locale\" content=\"en_US\" \/>\n<meta property=\"og:type\" content=\"article\" \/>\n<meta property=\"og:title\" content=\"Entegre Y\u00f6netim Sistemi Politikas\u0131 - Effeffe\" \/>\n<meta property=\"og:url\" content=\"https:\/\/effeffe.com.tr\/en\/integrated-management-system-policy\/\" \/>\n<meta property=\"og:site_name\" content=\"Effeffe\" \/>\n<meta property=\"article:modified_time\" content=\"2026-02-10T10:19:25+00:00\" \/>\n<meta property=\"og:image\" content=\"https:\/\/effeffe.com.tr\/wp-content\/uploads\/2026\/01\/Effeffe-factory-1.jpg\" \/>\n\t<meta property=\"og:image:width\" content=\"1000\" \/>\n\t<meta property=\"og:image:height\" content=\"1000\" \/>\n\t<meta property=\"og:image:type\" content=\"image\/jpeg\" \/>\n<meta name=\"twitter:card\" content=\"summary_large_image\" \/>\n<meta name=\"twitter:label1\" content=\"Est. reading time\" \/>\n\t<meta name=\"twitter:data1\" content=\"24 minutes\" \/>\n<script type=\"application\/ld+json\" class=\"yoast-schema-graph\">{\"@context\":\"https:\\\/\\\/schema.org\",\"@graph\":[{\"@type\":\"WebPage\",\"@id\":\"https:\\\/\\\/effeffe.com.tr\\\/entegre-yonetim-sistemi-politikasi\\\/\",\"url\":\"https:\\\/\\\/effeffe.com.tr\\\/entegre-yonetim-sistemi-politikasi\\\/\",\"name\":\"Entegre Y\u00f6netim Sistemi Politikas\u0131 - Effeffe\",\"isPartOf\":{\"@id\":\"https:\\\/\\\/effeffe.com.tr\\\/#website\"},\"primaryImageOfPage\":{\"@id\":\"https:\\\/\\\/effeffe.com.tr\\\/entegre-yonetim-sistemi-politikasi\\\/#primaryimage\"},\"image\":{\"@id\":\"https:\\\/\\\/effeffe.com.tr\\\/entegre-yonetim-sistemi-politikasi\\\/#primaryimage\"},\"thumbnailUrl\":\"https:\\\/\\\/effeffe.com.tr\\\/wp-content\\\/uploads\\\/2026\\\/01\\\/Effeffe-factory-1.jpg\",\"datePublished\":\"2021-11-11T14:24:28+00:00\",\"dateModified\":\"2026-02-10T10:19:25+00:00\",\"breadcrumb\":{\"@id\":\"https:\\\/\\\/effeffe.com.tr\\\/entegre-yonetim-sistemi-politikasi\\\/#breadcrumb\"},\"inLanguage\":\"en-US\",\"potentialAction\":[{\"@type\":\"ReadAction\",\"target\":[\"https:\\\/\\\/effeffe.com.tr\\\/entegre-yonetim-sistemi-politikasi\\\/\"]}]},{\"@type\":\"ImageObject\",\"inLanguage\":\"en-US\",\"@id\":\"https:\\\/\\\/effeffe.com.tr\\\/entegre-yonetim-sistemi-politikasi\\\/#primaryimage\",\"url\":\"https:\\\/\\\/effeffe.com.tr\\\/wp-content\\\/uploads\\\/2026\\\/01\\\/Effeffe-factory-1.jpg\",\"contentUrl\":\"https:\\\/\\\/effeffe.com.tr\\\/wp-content\\\/uploads\\\/2026\\\/01\\\/Effeffe-factory-1.jpg\",\"width\":1000,\"height\":1000},{\"@type\":\"BreadcrumbList\",\"@id\":\"https:\\\/\\\/effeffe.com.tr\\\/entegre-yonetim-sistemi-politikasi\\\/#breadcrumb\",\"itemListElement\":[{\"@type\":\"ListItem\",\"position\":1,\"name\":\"Anasayfa\",\"item\":\"https:\\\/\\\/effeffe.com.tr\\\/\"},{\"@type\":\"ListItem\",\"position\":2,\"name\":\"Entegre Y\u00f6netim Sistemi Politikas\u0131\"}]},{\"@type\":\"WebSite\",\"@id\":\"https:\\\/\\\/effeffe.com.tr\\\/#website\",\"url\":\"https:\\\/\\\/effeffe.com.tr\\\/\",\"name\":\"Effeffe Pet\",\"description\":\"Sizin markan\u0131z, bizim ba\u011fl\u0131l\u0131\u011f\u0131m\u0131z.\",\"publisher\":{\"@id\":\"https:\\\/\\\/effeffe.com.tr\\\/#organization\"},\"alternateName\":\"Effeffe\",\"potentialAction\":[{\"@type\":\"SearchAction\",\"target\":{\"@type\":\"EntryPoint\",\"urlTemplate\":\"https:\\\/\\\/effeffe.com.tr\\\/?s={search_term_string}\"},\"query-input\":{\"@type\":\"PropertyValueSpecification\",\"valueRequired\":true,\"valueName\":\"search_term_string\"}}],\"inLanguage\":\"en-US\"},{\"@type\":\"Organization\",\"@id\":\"https:\\\/\\\/effeffe.com.tr\\\/#organization\",\"name\":\"Effeffe\",\"url\":\"https:\\\/\\\/effeffe.com.tr\\\/\",\"logo\":{\"@type\":\"ImageObject\",\"inLanguage\":\"en-US\",\"@id\":\"https:\\\/\\\/effeffe.com.tr\\\/#\\\/schema\\\/logo\\\/image\\\/\",\"url\":\"https:\\\/\\\/effeffe.com.tr\\\/wp-content\\\/uploads\\\/2026\\\/01\\\/effeffe-logo.webp\",\"contentUrl\":\"https:\\\/\\\/effeffe.com.tr\\\/wp-content\\\/uploads\\\/2026\\\/01\\\/effeffe-logo.webp\",\"width\":225,\"height\":99,\"caption\":\"Effeffe\"},\"image\":{\"@id\":\"https:\\\/\\\/effeffe.com.tr\\\/#\\\/schema\\\/logo\\\/image\\\/\"},\"sameAs\":[\"https:\\\/\\\/www.instagram.com\\\/effeffepet\"]}]}<\/script>\n<!-- \/ Yoast SEO plugin. -->","yoast_head_json":{"title":"Integrated Management System Policy - Effeffeffe","robots":{"index":"index","follow":"follow","max-snippet":"max-snippet:-1","max-image-preview":"max-image-preview:large","max-video-preview":"max-video-preview:-1"},"canonical":"https:\/\/effeffe.com.tr\/en\/integrated-management-system-policy\/","og_locale":"en_US","og_type":"article","og_title":"Entegre Y\u00f6netim Sistemi Politikas\u0131 - Effeffe","og_url":"https:\/\/effeffe.com.tr\/en\/integrated-management-system-policy\/","og_site_name":"Effeffe","article_modified_time":"2026-02-10T10:19:25+00:00","og_image":[{"width":1000,"height":1000,"url":"https:\/\/effeffe.com.tr\/wp-content\/uploads\/2026\/01\/Effeffe-factory-1.jpg","type":"image\/jpeg"}],"twitter_card":"summary_large_image","twitter_misc":{"Est. reading time":"24 minutes"},"schema":{"@context":"https:\/\/schema.org","@graph":[{"@type":"WebPage","@id":"https:\/\/effeffe.com.tr\/entegre-yonetim-sistemi-politikasi\/","url":"https:\/\/effeffe.com.tr\/entegre-yonetim-sistemi-politikasi\/","name":"Integrated Management System Policy - Effeffeffe","isPartOf":{"@id":"https:\/\/effeffe.com.tr\/#website"},"primaryImageOfPage":{"@id":"https:\/\/effeffe.com.tr\/entegre-yonetim-sistemi-politikasi\/#primaryimage"},"image":{"@id":"https:\/\/effeffe.com.tr\/entegre-yonetim-sistemi-politikasi\/#primaryimage"},"thumbnailUrl":"https:\/\/effeffe.com.tr\/wp-content\/uploads\/2026\/01\/Effeffe-factory-1.jpg","datePublished":"2021-11-11T14:24:28+00:00","dateModified":"2026-02-10T10:19:25+00:00","breadcrumb":{"@id":"https:\/\/effeffe.com.tr\/entegre-yonetim-sistemi-politikasi\/#breadcrumb"},"inLanguage":"en-US","potentialAction":[{"@type":"ReadAction","target":["https:\/\/effeffe.com.tr\/entegre-yonetim-sistemi-politikasi\/"]}]},{"@type":"ImageObject","inLanguage":"en-US","@id":"https:\/\/effeffe.com.tr\/entegre-yonetim-sistemi-politikasi\/#primaryimage","url":"https:\/\/effeffe.com.tr\/wp-content\/uploads\/2026\/01\/Effeffe-factory-1.jpg","contentUrl":"https:\/\/effeffe.com.tr\/wp-content\/uploads\/2026\/01\/Effeffe-factory-1.jpg","width":1000,"height":1000},{"@type":"BreadcrumbList","@id":"https:\/\/effeffe.com.tr\/entegre-yonetim-sistemi-politikasi\/#breadcrumb","itemListElement":[{"@type":"ListItem","position":1,"name":"Anasayfa","item":"https:\/\/effeffe.com.tr\/"},{"@type":"ListItem","position":2,"name":"Entegre Y\u00f6netim Sistemi Politikas\u0131"}]},{"@type":"WebSite","@id":"https:\/\/effeffe.com.tr\/#website","url":"https:\/\/effeffe.com.tr\/","name":"Effeffe Pet","description":"Your brand, our commitment.","publisher":{"@id":"https:\/\/effeffe.com.tr\/#organization"},"alternateName":"Effeffe","potentialAction":[{"@type":"SearchAction","target":{"@type":"EntryPoint","urlTemplate":"https:\/\/effeffe.com.tr\/?s={search_term_string}"},"query-input":{"@type":"PropertyValueSpecification","valueRequired":true,"valueName":"search_term_string"}}],"inLanguage":"en-US"},{"@type":"Organization","@id":"https:\/\/effeffe.com.tr\/#organization","name":"Effeffe","url":"https:\/\/effeffe.com.tr\/","logo":{"@type":"ImageObject","inLanguage":"en-US","@id":"https:\/\/effeffe.com.tr\/#\/schema\/logo\/image\/","url":"https:\/\/effeffe.com.tr\/wp-content\/uploads\/2026\/01\/effeffe-logo.webp","contentUrl":"https:\/\/effeffe.com.tr\/wp-content\/uploads\/2026\/01\/effeffe-logo.webp","width":225,"height":99,"caption":"Effeffe"},"image":{"@id":"https:\/\/effeffe.com.tr\/#\/schema\/logo\/image\/"},"sameAs":["https:\/\/www.instagram.com\/effeffepet"]}]}},"_links":{"self":[{"href":"https:\/\/effeffe.com.tr\/en\/wp-json\/wp\/v2\/pages\/16","targetHints":{"allow":["GET"]}}],"collection":[{"href":"https:\/\/effeffe.com.tr\/en\/wp-json\/wp\/v2\/pages"}],"about":[{"href":"https:\/\/effeffe.com.tr\/en\/wp-json\/wp\/v2\/types\/page"}],"author":[{"embeddable":true,"href":"https:\/\/effeffe.com.tr\/en\/wp-json\/wp\/v2\/users\/1"}],"replies":[{"embeddable":true,"href":"https:\/\/effeffe.com.tr\/en\/wp-json\/wp\/v2\/comments?post=16"}],"version-history":[{"count":6,"href":"https:\/\/effeffe.com.tr\/en\/wp-json\/wp\/v2\/pages\/16\/revisions"}],"predecessor-version":[{"id":6333,"href":"https:\/\/effeffe.com.tr\/en\/wp-json\/wp\/v2\/pages\/16\/revisions\/6333"}],"wp:featuredmedia":[{"embeddable":true,"href":"https:\/\/effeffe.com.tr\/en\/wp-json\/wp\/v2\/media\/5920"}],"wp:attachment":[{"href":"https:\/\/effeffe.com.tr\/en\/wp-json\/wp\/v2\/media?parent=16"}],"curies":[{"name":"wp","href":"https:\/\/api.w.org\/{rel}","templated":true}]}}